{"id":271,"date":"2024-01-29T16:07:35","date_gmt":"2024-01-29T21:07:35","guid":{"rendered":"https:\/\/francisbellerive.com\/a-propos\/"},"modified":"2024-06-25T10:46:31","modified_gmt":"2024-06-25T14:46:31","slug":"about","status":"publish","type":"page","link":"https:\/\/francisbellerive.com\/en\/about\/","title":{"rendered":"About"},"content":{"rendered":"<section class=\"l-section wpb_row height_auto color_alternate with_img\"><div class=\"l-section-img\" role=\"img\" aria-label=\"Francis Bellerive Construction hero section placeholder image\" data-img-width=\"1920\" data-img-height=\"657\" style=\"background-image: url(https:\/\/francisbellerive.com\/dist\/uploads\/2024\/01\/fb-construction-img.jpg);background-repeat: no-repeat;\"><\/div><div class=\"l-section-overlay\" style=\"background:var(--color-content-overlay)\"><\/div><div class=\"l-section-h i-cf\"><div class=\"g-cols vc_row via_grid cols_1 laptops-cols_inherit tablets-cols_inherit mobiles-cols_1 valign_middle type_default stacking_default\"><div class=\"wpb_column vc_column_container\"><div class=\"vc_column-inner\"><div class=\"w-separator size_large\"><\/div><div class=\"wpb_text_column us_custom_60e9caca us_animate_this\"><div class=\"wpb_wrapper\"><h1 style=\"text-align: center;\">About<\/h1>\n<\/div><\/div><div class=\"w-separator size_large\"><\/div><\/div><\/div><\/div><\/div><\/section><section class=\"l-section wpb_row double-padding-section height_auto\"><div class=\"l-section-h i-cf\"><div class=\"g-cols vc_row via_grid cols_5-7 laptops-cols_inherit tablets-cols_inherit mobiles-cols_1 valign_top type_default stacking_default\"><div class=\"wpb_column vc_column_container\"><div class=\"vc_column-inner\"><div class=\"wpb_text_column\"><div class=\"wpb_wrapper\"><h2>What is Francis Bellerive Investment?<\/h2>\n<\/div><\/div><\/div><\/div><div class=\"wpb_column vc_column_container\"><div class=\"vc_column-inner\"><div class=\"wpb_text_column\"><div class=\"wpb_wrapper\"><p>Founded in 2014, Francis Bellerive Investissement specializes in the development of commercial buildings for national retail chains.<\/p>\n<p>Having completed around thirty projects in Eastern Canada, the company is now present in the United States, specifically in Pennsylvania since the end of 2020. Francis Bellerive Investment US Corp also completed another project in New Jersey at the end of 2021. The company also offers turnkey services to clients who desire it.<\/p>\n<\/div><\/div><\/div><\/div><\/div><\/div><\/section><section class=\"l-section wpb_row us_custom_c70c97eb height_auto\" id=\"a-propos-row\"><div class=\"l-section-h i-cf\"><div class=\"g-cols vc_row via_grid cols_2 laptops-cols_inherit tablets-cols_inherit mobiles-cols_1 valign_top type_default stacking_default\"><div class=\"wpb_column vc_column_container a-propos-inner-row\"><div class=\"vc_column-inner\"><div class=\"w-image us_custom_dcb09da6 a-propos-img us_animate_this align_none\"><div class=\"w-image-h\"><img decoding=\"async\" width=\"827\" height=\"1024\" src=\"https:\/\/francisbellerive.com\/dist\/uploads\/2024\/06\/7615-Francis-Bellerive-827x1024.jpg\" class=\"attachment-large size-large\" alt=\"Francis Bellerive\" loading=\"lazy\" srcset=\"https:\/\/francisbellerive.com\/dist\/uploads\/2024\/06\/7615-Francis-Bellerive-827x1024.jpg 827w, https:\/\/francisbellerive.com\/dist\/uploads\/2024\/06\/7615-Francis-Bellerive-242x300.jpg 242w, https:\/\/francisbellerive.com\/dist\/uploads\/2024\/06\/7615-Francis-Bellerive.jpg 1550w\" sizes=\"auto, (max-width: 827px) 100vw, 827px\" \/><\/div><\/div><\/div><\/div><div class=\"wpb_column vc_column_container\"><div class=\"vc_column-inner\"><div class=\"wpb_text_column a-propos-title\"><div class=\"wpb_wrapper\"><h2>About Francis Bellerive<\/h2>\n<\/div><\/div><div class=\"w-separator size_medium\"><\/div><div class=\"wpb_text_column a-propos-text\"><div class=\"wpb_wrapper\"><p>With nearly twenty years of experience in real estate, Francis Bellerive excels in strategic management and acquisition, supported by a vast network facilitating the realization of various projects. As a site supervisor, his meticulous attention to detail ensures client satisfaction and operational success.<\/p>\n<p>An active member of ICSC and IDU, he stays abreast of trends, thus consolidating his reputation as an expert.<\/p>\n<p>His community involvement is remarkable: he has served on the board of the Jeune Chambre de la Mauricie and was honored as \u201cAdministrator of the Year.\u201d Additionally, he actively participates in local sports events, contributing with passion and dedication to regional development.<\/p>\n<\/div><\/div><\/div><\/div><\/div><\/div><\/section>\n","protected":false},"excerpt":{"rendered":"About What is Francis Bellerive Investment? Founded in 2014, Francis Bellerive Investissement specializes in the development of commercial buildings for national retail chains. Having completed around thirty projects in Eastern Canada, the company is now present in the United States, specifically in Pennsylvania since the end of 2020. Francis Bellerive Investment US Corp also completed...","protected":false},"author":1,"featured_media":0,"parent":0,"menu_order":0,"comment_status":"closed","ping_status":"closed","template":"","meta":{"_acf_changed":false,"footnotes":""},"class_list":["post-271","page","type-page","status-publish","hentry"],"acf":[],"yoast_head":"<!-- This site is optimized with the Yoast SEO plugin v27.5 - https:\/\/yoast.com\/product\/yoast-seo-wordpress\/ -->\n<title>About | Francis Bellerive Investissement<\/title>\n<meta name=\"description\" content=\"Founded in 2014, Francis Bellerive Investissement specializes in the development of commercial buildings for national retail chains.\" \/>\n<meta name=\"robots\" content=\"index, follow, max-snippet:-1, max-image-preview:large, max-video-preview:-1\" \/>\n<link rel=\"canonical\" href=\"https:\/\/francisbellerive.com\/en\/about\/\" \/>\n<meta property=\"og:locale\" content=\"en_US\" \/>\n<meta property=\"og:type\" content=\"article\" \/>\n<meta property=\"og:title\" content=\"About | Francis Bellerive Investissement\" \/>\n<meta property=\"og:description\" content=\"Founded in 2014, Francis Bellerive Investissement specializes in the development of commercial buildings for national retail chains.\" \/>\n<meta property=\"og:url\" content=\"https:\/\/francisbellerive.com\/en\/about\/\" \/>\n<meta property=\"og:site_name\" content=\"Francis Bellerive Investissement\" \/>\n<meta property=\"article:modified_time\" content=\"2024-06-25T14:46:31+00:00\" \/>\n<meta name=\"twitter:card\" content=\"summary_large_image\" \/>\n<meta name=\"twitter:label1\" content=\"Est. reading time\" \/>\n\t<meta name=\"twitter:data1\" content=\"2 minutes\" \/>\n<script type=\"application\/ld+json\" class=\"yoast-schema-graph\">{\"@context\":\"https:\\\/\\\/schema.org\",\"@graph\":[{\"@type\":\"WebPage\",\"@id\":\"https:\\\/\\\/francisbellerive.com\\\/en\\\/about\\\/\",\"url\":\"https:\\\/\\\/francisbellerive.com\\\/en\\\/about\\\/\",\"name\":\"About | Francis Bellerive Investissement\",\"isPartOf\":{\"@id\":\"https:\\\/\\\/francisbellerive.com\\\/en\\\/#website\"},\"datePublished\":\"2024-01-29T21:07:35+00:00\",\"dateModified\":\"2024-06-25T14:46:31+00:00\",\"description\":\"Founded in 2014, Francis Bellerive Investissement specializes in the development of commercial buildings for national retail chains.\",\"breadcrumb\":{\"@id\":\"https:\\\/\\\/francisbellerive.com\\\/en\\\/about\\\/#breadcrumb\"},\"inLanguage\":\"en-US\",\"potentialAction\":[{\"@type\":\"ReadAction\",\"target\":[\"https:\\\/\\\/francisbellerive.com\\\/en\\\/about\\\/\"]}]},{\"@type\":\"BreadcrumbList\",\"@id\":\"https:\\\/\\\/francisbellerive.com\\\/en\\\/about\\\/#breadcrumb\",\"itemListElement\":[{\"@type\":\"ListItem\",\"position\":1,\"name\":\"Accueil\",\"item\":\"https:\\\/\\\/francisbellerive.com\\\/en\\\/\"},{\"@type\":\"ListItem\",\"position\":2,\"name\":\"About\"}]},{\"@type\":\"WebSite\",\"@id\":\"https:\\\/\\\/francisbellerive.com\\\/en\\\/#website\",\"url\":\"https:\\\/\\\/francisbellerive.com\\\/en\\\/\",\"name\":\"Francis Bellerive Investissement\",\"description\":\"Cr\u00e9ateur de valeur immobili\u00e8re strat\u00e9gique\",\"publisher\":{\"@id\":\"https:\\\/\\\/francisbellerive.com\\\/en\\\/#organization\"},\"potentialAction\":[{\"@type\":\"SearchAction\",\"target\":{\"@type\":\"EntryPoint\",\"urlTemplate\":\"https:\\\/\\\/francisbellerive.com\\\/en\\\/?s={search_term_string}\"},\"query-input\":{\"@type\":\"PropertyValueSpecification\",\"valueRequired\":true,\"valueName\":\"search_term_string\"}}],\"inLanguage\":\"en-US\"},{\"@type\":\"Organization\",\"@id\":\"https:\\\/\\\/francisbellerive.com\\\/en\\\/#organization\",\"name\":\"Francis Bellerive Investissement\",\"url\":\"https:\\\/\\\/francisbellerive.com\\\/en\\\/\",\"logo\":{\"@type\":\"ImageObject\",\"inLanguage\":\"en-US\",\"@id\":\"https:\\\/\\\/francisbellerive.com\\\/en\\\/#\\\/schema\\\/logo\\\/image\\\/\",\"url\":\"https:\\\/\\\/francisbellerive.com\\\/wp-content\\\/uploads\\\/2024\\\/01\\\/fb-favicon.svg\",\"contentUrl\":\"https:\\\/\\\/francisbellerive.com\\\/wp-content\\\/uploads\\\/2024\\\/01\\\/fb-favicon.svg\",\"width\":\"1024\",\"height\":\"1024\",\"caption\":\"Francis Bellerive Investissement\"},\"image\":{\"@id\":\"https:\\\/\\\/francisbellerive.com\\\/en\\\/#\\\/schema\\\/logo\\\/image\\\/\"}}]}<\/script>\n<!-- \/ Yoast SEO plugin. -->","yoast_head_json":{"title":"About | Francis Bellerive Investissement","description":"Founded in 2014, Francis Bellerive Investissement specializes in the development of commercial buildings for national retail chains.","robots":{"index":"index","follow":"follow","max-snippet":"max-snippet:-1","max-image-preview":"max-image-preview:large","max-video-preview":"max-video-preview:-1"},"canonical":"https:\/\/francisbellerive.com\/en\/about\/","og_locale":"en_US","og_type":"article","og_title":"About | Francis Bellerive Investissement","og_description":"Founded in 2014, Francis Bellerive Investissement specializes in the development of commercial buildings for national retail chains.","og_url":"https:\/\/francisbellerive.com\/en\/about\/","og_site_name":"Francis Bellerive Investissement","article_modified_time":"2024-06-25T14:46:31+00:00","twitter_card":"summary_large_image","twitter_misc":{"Est. reading time":"2 minutes"},"schema":{"@context":"https:\/\/schema.org","@graph":[{"@type":"WebPage","@id":"https:\/\/francisbellerive.com\/en\/about\/","url":"https:\/\/francisbellerive.com\/en\/about\/","name":"About | Francis Bellerive Investissement","isPartOf":{"@id":"https:\/\/francisbellerive.com\/en\/#website"},"datePublished":"2024-01-29T21:07:35+00:00","dateModified":"2024-06-25T14:46:31+00:00","description":"Founded in 2014, Francis Bellerive Investissement specializes in the development of commercial buildings for national retail chains.","breadcrumb":{"@id":"https:\/\/francisbellerive.com\/en\/about\/#breadcrumb"},"inLanguage":"en-US","potentialAction":[{"@type":"ReadAction","target":["https:\/\/francisbellerive.com\/en\/about\/"]}]},{"@type":"BreadcrumbList","@id":"https:\/\/francisbellerive.com\/en\/about\/#breadcrumb","itemListElement":[{"@type":"ListItem","position":1,"name":"Accueil","item":"https:\/\/francisbellerive.com\/en\/"},{"@type":"ListItem","position":2,"name":"About"}]},{"@type":"WebSite","@id":"https:\/\/francisbellerive.com\/en\/#website","url":"https:\/\/francisbellerive.com\/en\/","name":"Francis Bellerive Investissement","description":"Cr\u00e9ateur de valeur immobili\u00e8re strat\u00e9gique","publisher":{"@id":"https:\/\/francisbellerive.com\/en\/#organization"},"potentialAction":[{"@type":"SearchAction","target":{"@type":"EntryPoint","urlTemplate":"https:\/\/francisbellerive.com\/en\/?s={search_term_string}"},"query-input":{"@type":"PropertyValueSpecification","valueRequired":true,"valueName":"search_term_string"}}],"inLanguage":"en-US"},{"@type":"Organization","@id":"https:\/\/francisbellerive.com\/en\/#organization","name":"Francis Bellerive Investissement","url":"https:\/\/francisbellerive.com\/en\/","logo":{"@type":"ImageObject","inLanguage":"en-US","@id":"https:\/\/francisbellerive.com\/en\/#\/schema\/logo\/image\/","url":"https:\/\/francisbellerive.com\/dist\/uploads\/2024\/01\/fb-favicon.svg","contentUrl":"https:\/\/francisbellerive.com\/dist\/uploads\/2024\/01\/fb-favicon.svg","width":"1024","height":"1024","caption":"Francis Bellerive Investissement"},"image":{"@id":"https:\/\/francisbellerive.com\/en\/#\/schema\/logo\/image\/"}}]}},"_links":{"self":[{"href":"https:\/\/francisbellerive.com\/en\/wp-json\/wp\/v2\/pages\/271","targetHints":{"allow":["GET"]}}],"collection":[{"href":"https:\/\/francisbellerive.com\/en\/wp-json\/wp\/v2\/pages"}],"about":[{"href":"https:\/\/francisbellerive.com\/en\/wp-json\/wp\/v2\/types\/page"}],"author":[{"embeddable":true,"href":"https:\/\/francisbellerive.com\/en\/wp-json\/wp\/v2\/users\/1"}],"replies":[{"embeddable":true,"href":"https:\/\/francisbellerive.com\/en\/wp-json\/wp\/v2\/comments?post=271"}],"version-history":[{"count":0,"href":"https:\/\/francisbellerive.com\/en\/wp-json\/wp\/v2\/pages\/271\/revisions"}],"wp:attachment":[{"href":"https:\/\/francisbellerive.com\/en\/wp-json\/wp\/v2\/media?parent=271"}],"curies":[{"name":"wp","href":"https:\/\/api.w.org\/{rel}","templated":true}]}}