{"id":274,"date":"2024-01-29T19:41:21","date_gmt":"2024-01-30T00:41:21","guid":{"rendered":"https:\/\/francisbellerive.com\/francis-bellerive-investissement\/"},"modified":"2026-04-13T12:13:18","modified_gmt":"2026-04-13T16:13:18","slug":"francis-bellerive-investissement","status":"publish","type":"page","link":"https:\/\/francisbellerive.com\/en\/","title":{"rendered":"Francis Bellerive Investissement"},"content":{"rendered":"<section class=\"l-section wpb_row height_auto full_height valign_center color_alternate with_img\"><div class=\"l-section-img\" role=\"img\" aria-label=\"Image\" data-img-width=\"1920\" data-img-height=\"933\" style=\"background-image: url(https:\/\/francisbellerive.com\/dist\/uploads\/2024\/01\/homepage-hero-section-img.jpg);background-repeat: no-repeat;\"><\/div><div class=\"l-section-overlay\" style=\"background:var(--color-content-overlay)\"><\/div><div class=\"l-section-h i-cf\"><div class=\"g-cols vc_row via_grid cols_1 laptops-cols_inherit tablets-cols_inherit mobiles-cols_1 valign_middle type_default stacking_default\" style=\"--columns-gap:0rem;\"><div class=\"wpb_column vc_column_container\"><div class=\"vc_column-inner\"><div class=\"wpb_text_column us_custom_60e9caca us_animate_this\"><div class=\"wpb_wrapper\"><h1 style=\"text-align: center;\">Creator of Strategic<br \/>\nReal Estate Value<\/h1>\n<\/div><\/div><div class=\"w-separator size_medium\"><\/div><div class=\"wpb_text_column us_custom_f70d789f texte-hero-section us_animate_this\"><div class=\"wpb_wrapper\"><p style=\"text-align: center;\">We offer custom commercial spaces that stimulate local economic growth throughout Canada and the United States.<\/p>\n<\/div><\/div><div class=\"w-separator size_medium\"><\/div><div class=\"w-btn-wrapper align_center\"><a class=\"w-btn us-btn-style_4 us_custom_1fb8b2dc us_animate_this\" href=\"\/en\/about\/\"><span class=\"w-btn-label\">Learn More<\/span><\/a><\/div><div class=\"w-socials us_custom_cee0ba23 liens-sociaux us_animate_this color_text shape_none\"><div class=\"w-socials-list\"><div class=\"w-socials-item facebook\"><a target=\"_blank\" href=\"https:\/\/www.facebook.com\/\" class=\"w-socials-item-link\" aria-label=\"Facebook\"><span class=\"w-socials-item-link-hover\"><\/span><i class=\"fab fa-facebook\"><\/i><\/a><\/div><div class=\"w-socials-item linkedin\"><a target=\"_blank\" href=\"https:\/\/ca.linkedin.com\/\" class=\"w-socials-item-link\" aria-label=\"LinkedIn\"><span class=\"w-socials-item-link-hover\"><\/span><i class=\"fab fa-linkedin\"><\/i><\/a><\/div><\/div><\/div><\/div><\/div><\/div><\/div><\/section><section class=\"l-section wpb_row height_auto\" id=\"services-row\"><div class=\"l-section-h i-cf\"><div class=\"g-cols vc_row via_grid cols_custom laptops-cols_inherit tablets-cols_inherit mobiles-cols_1 valign_top type_default stacking_default\" style=\"--custom-columns:1.5fr 1.5fr 1.5fr 1.5fr 6fr \"><div class=\"wpb_column vc_column_container us_custom_595726cb services-grid-inner-col us_animate_this has_bg_color\"><div class=\"vc_column-overlay\" style=\"background:var(--color-content-overlay)\"><\/div><div class=\"vc_column-inner\"><div class=\"w-image us_custom_99fa24ae align_none\"><div class=\"w-image-h\"><img decoding=\"async\" width=\"1024\" height=\"1024\" src=\"https:\/\/francisbellerive.com\/dist\/uploads\/2024\/01\/logo_fbellerive_investissement.svg\" class=\"attachment-large size-large\" alt=\"Francis Bellerive Investissement\" loading=\"lazy\" \/><\/div><\/div><div class=\"w-separator size_custom\" style=\"height:var(--space-2xl-3xl)\"><\/div><div class=\"w-btn-wrapper align_none\"><a class=\"w-btn us-btn-style_5\" href=\"\/en\/services\/francis-bellerive-investissement\/\"><span class=\"w-btn-label\">Learn More<\/span><\/a><\/div><\/div><\/div><div class=\"wpb_column vc_column_container us_custom_70a4442c services-grid-inner-col us_animate_this has_bg_color\"><div class=\"vc_column-overlay\" style=\"background:var(--color-content-overlay)\"><\/div><div class=\"vc_column-inner\"><div class=\"w-image us_custom_99fa24ae align_none\"><div class=\"w-image-h\"><img decoding=\"async\" width=\"1024\" height=\"1024\" src=\"https:\/\/francisbellerive.com\/dist\/uploads\/2024\/01\/logo_fbellerive_construction.svg\" class=\"attachment-large size-large\" alt=\"Francis Bellerive Construction\" loading=\"lazy\" \/><\/div><\/div><div class=\"w-separator size_custom\" style=\"height:var(--space-2xl-3xl)\"><\/div><div class=\"w-btn-wrapper align_none\"><a class=\"w-btn us-btn-style_5\" href=\"\/en\/services\/francis-bellerive-construction\/\"><span class=\"w-btn-label\">Learn More<\/span><\/a><\/div><\/div><\/div><div class=\"wpb_column vc_column_container us_custom_c2f8b76a services-grid-inner-col us_animate_this has_bg_color\"><div class=\"vc_column-overlay\" style=\"background:var(--color-content-overlay)\"><\/div><div class=\"vc_column-inner\"><div class=\"w-image us_custom_99fa24ae align_center\"><div class=\"w-image-h\"><img decoding=\"async\" width=\"1024\" height=\"1024\" src=\"https:\/\/francisbellerive.com\/dist\/uploads\/2024\/01\/logo_fbellerive_investment.svg\" class=\"attachment-large size-large\" alt=\"Francis Bellerive Investment US Corp.\" loading=\"lazy\" \/><\/div><\/div><div class=\"w-separator size_custom\" style=\"height:var(--space-2xl-3xl)\"><\/div><div class=\"w-btn-wrapper align_center\"><a class=\"w-btn us-btn-style_5\" href=\"\/en\/services\/francis-bellerive-investment-us-corp\/\"><span class=\"w-btn-label\">Learn More<\/span><\/a><\/div><\/div><\/div><div class=\"wpb_column vc_column_container us_custom_0b7a2ff3 services-grid-inner-col us_animate_this has_bg_color\"><div class=\"vc_column-overlay\" style=\"background:var(--color-content-overlay)\"><\/div><div class=\"vc_column-inner\"><div class=\"w-image us_custom_99fa24ae align_center\"><div class=\"w-image-h\"><img decoding=\"async\" width=\"1024\" height=\"1024\" src=\"https:\/\/francisbellerive.com\/dist\/uploads\/2024\/07\/Sibel_vertical_blanc.svg\" class=\"attachment-large size-large\" alt=\"Structure Sibel\" loading=\"lazy\" \/><\/div><\/div><div class=\"w-separator size_custom\" style=\"height:var(--space-2xl-3xl)\"><\/div><div class=\"w-btn-wrapper align_center\"><a class=\"w-btn us-btn-style_5\" target=\"_blank\" href=\"https:\/\/structuresibel.com\/\"><span class=\"w-btn-label\">Learn More<\/span><\/a><\/div><\/div><\/div><div class=\"wpb_column vc_column_container us_custom_e9c9f802 services-grid-inner-col us_animate_this has_bg_color\"><div class=\"vc_column-overlay\" style=\"background:var(--color-content-overlay)\"><\/div><div class=\"vc_column-inner\"><div class=\"w-image us_custom_99fa24ae align_center\"><div class=\"w-image-h\"><img decoding=\"async\" width=\"1024\" height=\"1024\" src=\"https:\/\/francisbellerive.com\/dist\/uploads\/2026\/04\/logo_fbmg_rentals.svg\" class=\"attachment-large size-large\" alt=\"\" loading=\"lazy\" \/><\/div><\/div><div class=\"w-separator size_custom\" style=\"height:var(--space-2xl-3xl)\"><\/div><div class=\"w-btn-wrapper align_center\"><a class=\"w-btn us-btn-style_5\" target=\"_blank\" href=\"https:\/\/francisbellerive.com\/en\/services\/fbmg-rentals\/\"><span class=\"w-btn-label\">Learn More<\/span><\/a><\/div><\/div><\/div><\/div><\/div><\/section><section class=\"l-section wpb_row us_custom_c70c97eb height_auto\" id=\"a-propos-row\"><div class=\"l-section-h i-cf\"><div class=\"g-cols vc_row via_grid cols_2 laptops-cols_inherit tablets-cols_inherit mobiles-cols_1 valign_top type_default stacking_default\"><div class=\"wpb_column vc_column_container a-propos-inner-row\"><div class=\"vc_column-inner\"><div class=\"w-image us_custom_dcb09da6 a-propos-img us_animate_this align_none\"><div class=\"w-image-h\"><img decoding=\"async\" width=\"827\" height=\"1024\" src=\"https:\/\/francisbellerive.com\/dist\/uploads\/2024\/06\/7615-Francis-Bellerive-827x1024.jpg\" class=\"attachment-large size-large\" alt=\"Francis Bellerive\" loading=\"lazy\" srcset=\"https:\/\/francisbellerive.com\/dist\/uploads\/2024\/06\/7615-Francis-Bellerive-827x1024.jpg 827w, https:\/\/francisbellerive.com\/dist\/uploads\/2024\/06\/7615-Francis-Bellerive-242x300.jpg 242w, https:\/\/francisbellerive.com\/dist\/uploads\/2024\/06\/7615-Francis-Bellerive.jpg 1550w\" sizes=\"auto, (max-width: 827px) 100vw, 827px\" \/><\/div><\/div><\/div><\/div><div class=\"wpb_column vc_column_container\"><div class=\"vc_column-inner\"><div class=\"wpb_text_column a-propos-title\"><div class=\"wpb_wrapper\"><h2>About Francis Bellerive<br \/>\nInvestissement<\/h2>\n<\/div><\/div><div class=\"w-separator size_medium\"><\/div><div class=\"wpb_text_column a-propos-text\"><div class=\"wpb_wrapper\"><p>Founded in 2014, Francis Bellerive Investissement specializes in the development of commercial buildings for national retail chains.<\/p>\n<\/div><\/div><div class=\"w-separator size_medium\"><\/div><div class=\"w-btn-wrapper align_none\"><a class=\"w-btn us-btn-style_6 a-propos-btn\" href=\"\/en\/about\/\"><span class=\"w-btn-label\">Learn More<\/span><\/a><\/div><\/div><\/div><\/div><\/div><\/section><section class=\"l-section wpb_row height_auto\"><div class=\"l-section-h i-cf\"><div class=\"g-cols vc_row via_grid cols_1 laptops-cols_inherit tablets-cols_inherit mobiles-cols_1 valign_top type_default stacking_default\"><div class=\"wpb_column vc_column_container\"><div class=\"vc_column-inner\"><div class=\"w-grid us_grid type_grid layout_357 cols_1 preload_style_spinner with_css_animation\" id=\"us_grid_1\" style=\"--columns:1;--gap:1.5rem;\" data-filterable=\"true\"><style>.layout_357 .w-grid-item-h{}.layout_357 .usg_text_1{margin-bottom:var(--space-xl)!important}.layout_357 .usg_post_content_1{margin-bottom:var(--space-l)!important}.layout_357 .usg_btn_1{width:fit-content!important}.layout_357 .usg_post_title_1{margin-bottom:var(--space-m)!important}.layout_357 .usg_post_image_1{animation-name:afb!important}<\/style><div class=\"w-grid-list\">\t<article class=\"w-grid-item size_1x1 post-777 post type-post status-publish format-standard has-post-thumbnail hentry category-non-classifiee\" data-id=\"777\">\r\n\t\t<div class=\"w-grid-item-h\">\r\n\t\t\t\t\t\t<div class=\"w-hwrapper usg_hwrapper_1 wrapper-nouvelle-accueil valign_middle\"><div class=\"w-vwrapper usg_vwrapper_1\"><h2 class=\"w-text usg_text_1\"><span class=\"w-text-h\"><span class=\"w-text-value\">Latest News<\/span><\/span><\/h2><h3 class=\"w-post-elm post_title usg_post_title_1 entry-title color_link_inherit\"><a href=\"https:\/\/francisbellerive.com\/en\/new-dollarama-store-in-saint-pascal\/\">New Dollarama store in Saint-Pascal<\/a><\/h3><div class=\"w-post-elm post_content usg_post_content_1\"><p>Francis Bellerive Investissement, is pleased to announce the construction of a new Dollarama store in Saint-Pascal<\/p>\n<\/div><a class=\"w-btn us-btn-style_6 usg_btn_1\" href=\"https:\/\/francisbellerive.com\/en\/new-dollarama-store-in-saint-pascal\/\"><span class=\"w-btn-label\">Read more<\/span><\/a><\/div><div class=\"w-post-elm post_image usg_post_image_1 us_animate_this has_ratio\"><a href=\"https:\/\/francisbellerive.com\/en\/new-dollarama-store-in-saint-pascal\/\" aria-label=\"New Dollarama store in Saint-Pascal\"><img loading=\"lazy\" decoding=\"async\" width=\"1024\" height=\"576\" src=\"https:\/\/francisbellerive.com\/dist\/uploads\/2026\/04\/Dollorama-St-Pascal-02-1024x576.jpg\" class=\"attachment-large size-large wp-post-image\" alt=\"\" \/><\/a><div style=\"padding-bottom:75%\"><\/div><\/div><\/div>\t\t<\/div>\r\n\t\t\t<\/article>\r\n<\/div>\t<div class=\"w-grid-preloader\">\r\n\t\t<div class=\"g-preloader type_1\">\r\n\t\t\t<div><\/div>\r\n\t\t<\/div>\r\n\t<\/div>\r\n\t\t<div class=\"w-grid-json hidden\" onclick='return {&quot;action&quot;:&quot;us_ajax_grid&quot;,&quot;infinite_scroll&quot;:0,&quot;max_num_pages&quot;:9,&quot;pagination&quot;:&quot;none&quot;,&quot;template_vars&quot;:{&quot;columns&quot;:&quot;1&quot;,&quot;exclude_items&quot;:&quot;none&quot;,&quot;img_size&quot;:&quot;default&quot;,&quot;ignore_items_size&quot;:0,&quot;items_layout&quot;:&quot;357&quot;,&quot;items_offset&quot;:&quot;1&quot;,&quot;load_animation&quot;:&quot;none&quot;,&quot;overriding_link&quot;:&quot;%7B%22url%22%3A%22%22%7D&quot;,&quot;post_id&quot;:0,&quot;query_args&quot;:{&quot;post_type&quot;:[&quot;post&quot;],&quot;post_status&quot;:[&quot;publish&quot;,&quot;acf-disabled&quot;],&quot;posts_per_page&quot;:&quot;1&quot;},&quot;orderby_query_args&quot;:{&quot;orderby&quot;:{&quot;date&quot;:&quot;DESC&quot;}},&quot;type&quot;:&quot;grid&quot;,&quot;us_grid_post_type&quot;:&quot;post&quot;,&quot;us_grid_ajax_index&quot;:1,&quot;us_grid_filter_query_string&quot;:null,&quot;us_grid_index&quot;:1,&quot;page_args&quot;:[],&quot;lang&quot;:&quot;en&quot;}}'><\/div>\r\n\t<\/div><\/div><\/div><\/div><\/div><\/section>\n","protected":false},"excerpt":{"rendered":"Saint-Pascal, April 16, 2026 \u2013 Developer Francis Bellerive, of Francis Bellerive Investissement, is pleased to announce the construction of a new 10,300-square-foot Dollarama store at 515 Avenue Patry in Saint-Pascal. This project represents a $3 million investment for the Bas-Saint-Laurent region. The new store will be located in close proximity to the Maxi grocery store...","protected":false},"author":1,"featured_media":0,"parent":0,"menu_order":0,"comment_status":"closed","ping_status":"closed","template":"","meta":{"_acf_changed":false,"footnotes":""},"class_list":["post-274","page","type-page","status-publish","hentry"],"acf":[],"yoast_head":"<!-- This site is optimized with the Yoast SEO plugin v27.5 - https:\/\/yoast.com\/product\/yoast-seo-wordpress\/ -->\n<title>Francis Bellerive Investissement | Francis Bellerive Investissement<\/title>\n<meta name=\"description\" content=\"Francis Bellerive Investissement offer custom commercial spaces that stimulate local economic growth throughout Canada and the United States.\" \/>\n<meta name=\"robots\" content=\"index, follow, max-snippet:-1, max-image-preview:large, max-video-preview:-1\" \/>\n<link rel=\"canonical\" href=\"https:\/\/francisbellerive.com\/en\/\" \/>\n<meta property=\"og:locale\" content=\"en_US\" \/>\n<meta property=\"og:type\" content=\"article\" \/>\n<meta property=\"og:title\" content=\"Francis Bellerive Investissement | Francis Bellerive Investissement\" \/>\n<meta property=\"og:description\" content=\"Francis Bellerive Investissement offer custom commercial spaces that stimulate local economic growth throughout Canada and the United States.\" \/>\n<meta property=\"og:url\" content=\"https:\/\/francisbellerive.com\/en\/\" \/>\n<meta property=\"og:site_name\" content=\"Francis Bellerive Investissement\" \/>\n<meta property=\"article:modified_time\" content=\"2026-04-13T16:13:18+00:00\" \/>\n<meta name=\"twitter:card\" content=\"summary_large_image\" \/>\n<meta name=\"twitter:label1\" content=\"Est. reading time\" \/>\n\t<meta name=\"twitter:data1\" content=\"1 minute\" \/>\n<script type=\"application\/ld+json\" class=\"yoast-schema-graph\">{\"@context\":\"https:\\\/\\\/schema.org\",\"@graph\":[{\"@type\":\"WebPage\",\"@id\":\"https:\\\/\\\/francisbellerive.com\\\/en\\\/\",\"url\":\"https:\\\/\\\/francisbellerive.com\\\/en\\\/\",\"name\":\"Francis Bellerive Investissement | Francis Bellerive Investissement\",\"isPartOf\":{\"@id\":\"https:\\\/\\\/francisbellerive.com\\\/en\\\/#website\"},\"datePublished\":\"2024-01-30T00:41:21+00:00\",\"dateModified\":\"2026-04-13T16:13:18+00:00\",\"description\":\"Francis Bellerive Investissement offer custom commercial spaces that stimulate local economic growth throughout Canada and the United States.\",\"breadcrumb\":{\"@id\":\"https:\\\/\\\/francisbellerive.com\\\/en\\\/#breadcrumb\"},\"inLanguage\":\"en-US\",\"potentialAction\":[{\"@type\":\"ReadAction\",\"target\":[\"https:\\\/\\\/francisbellerive.com\\\/en\\\/\"]}]},{\"@type\":\"BreadcrumbList\",\"@id\":\"https:\\\/\\\/francisbellerive.com\\\/en\\\/#breadcrumb\",\"itemListElement\":[{\"@type\":\"ListItem\",\"position\":1,\"name\":\"Accueil\",\"item\":\"https:\\\/\\\/francisbellerive.com\\\/en\\\/\"},{\"@type\":\"ListItem\",\"position\":2,\"name\":\"Francis Bellerive Investissement\"}]},{\"@type\":\"WebSite\",\"@id\":\"https:\\\/\\\/francisbellerive.com\\\/en\\\/#website\",\"url\":\"https:\\\/\\\/francisbellerive.com\\\/en\\\/\",\"name\":\"Francis Bellerive Investissement\",\"description\":\"Cr\u00e9ateur de valeur immobili\u00e8re strat\u00e9gique\",\"publisher\":{\"@id\":\"https:\\\/\\\/francisbellerive.com\\\/en\\\/#organization\"},\"potentialAction\":[{\"@type\":\"SearchAction\",\"target\":{\"@type\":\"EntryPoint\",\"urlTemplate\":\"https:\\\/\\\/francisbellerive.com\\\/en\\\/?s={search_term_string}\"},\"query-input\":{\"@type\":\"PropertyValueSpecification\",\"valueRequired\":true,\"valueName\":\"search_term_string\"}}],\"inLanguage\":\"en-US\"},{\"@type\":\"Organization\",\"@id\":\"https:\\\/\\\/francisbellerive.com\\\/en\\\/#organization\",\"name\":\"Francis Bellerive Investissement\",\"url\":\"https:\\\/\\\/francisbellerive.com\\\/en\\\/\",\"logo\":{\"@type\":\"ImageObject\",\"inLanguage\":\"en-US\",\"@id\":\"https:\\\/\\\/francisbellerive.com\\\/en\\\/#\\\/schema\\\/logo\\\/image\\\/\",\"url\":\"https:\\\/\\\/francisbellerive.com\\\/wp-content\\\/uploads\\\/2024\\\/01\\\/fb-favicon.svg\",\"contentUrl\":\"https:\\\/\\\/francisbellerive.com\\\/wp-content\\\/uploads\\\/2024\\\/01\\\/fb-favicon.svg\",\"width\":\"1024\",\"height\":\"1024\",\"caption\":\"Francis Bellerive Investissement\"},\"image\":{\"@id\":\"https:\\\/\\\/francisbellerive.com\\\/en\\\/#\\\/schema\\\/logo\\\/image\\\/\"}}]}<\/script>\n<!-- \/ Yoast SEO plugin. -->","yoast_head_json":{"title":"Francis Bellerive Investissement | Francis Bellerive Investissement","description":"Francis Bellerive Investissement offer custom commercial spaces that stimulate local economic growth throughout Canada and the United States.","robots":{"index":"index","follow":"follow","max-snippet":"max-snippet:-1","max-image-preview":"max-image-preview:large","max-video-preview":"max-video-preview:-1"},"canonical":"https:\/\/francisbellerive.com\/en\/","og_locale":"en_US","og_type":"article","og_title":"Francis Bellerive Investissement | Francis Bellerive Investissement","og_description":"Francis Bellerive Investissement offer custom commercial spaces that stimulate local economic growth throughout Canada and the United States.","og_url":"https:\/\/francisbellerive.com\/en\/","og_site_name":"Francis Bellerive Investissement","article_modified_time":"2026-04-13T16:13:18+00:00","twitter_card":"summary_large_image","twitter_misc":{"Est. reading time":"1 minute"},"schema":{"@context":"https:\/\/schema.org","@graph":[{"@type":"WebPage","@id":"https:\/\/francisbellerive.com\/en\/","url":"https:\/\/francisbellerive.com\/en\/","name":"Francis Bellerive Investissement | Francis Bellerive Investissement","isPartOf":{"@id":"https:\/\/francisbellerive.com\/en\/#website"},"datePublished":"2024-01-30T00:41:21+00:00","dateModified":"2026-04-13T16:13:18+00:00","description":"Francis Bellerive Investissement offer custom commercial spaces that stimulate local economic growth throughout Canada and the United States.","breadcrumb":{"@id":"https:\/\/francisbellerive.com\/en\/#breadcrumb"},"inLanguage":"en-US","potentialAction":[{"@type":"ReadAction","target":["https:\/\/francisbellerive.com\/en\/"]}]},{"@type":"BreadcrumbList","@id":"https:\/\/francisbellerive.com\/en\/#breadcrumb","itemListElement":[{"@type":"ListItem","position":1,"name":"Accueil","item":"https:\/\/francisbellerive.com\/en\/"},{"@type":"ListItem","position":2,"name":"Francis Bellerive Investissement"}]},{"@type":"WebSite","@id":"https:\/\/francisbellerive.com\/en\/#website","url":"https:\/\/francisbellerive.com\/en\/","name":"Francis Bellerive Investissement","description":"Cr\u00e9ateur de valeur immobili\u00e8re strat\u00e9gique","publisher":{"@id":"https:\/\/francisbellerive.com\/en\/#organization"},"potentialAction":[{"@type":"SearchAction","target":{"@type":"EntryPoint","urlTemplate":"https:\/\/francisbellerive.com\/en\/?s={search_term_string}"},"query-input":{"@type":"PropertyValueSpecification","valueRequired":true,"valueName":"search_term_string"}}],"inLanguage":"en-US"},{"@type":"Organization","@id":"https:\/\/francisbellerive.com\/en\/#organization","name":"Francis Bellerive Investissement","url":"https:\/\/francisbellerive.com\/en\/","logo":{"@type":"ImageObject","inLanguage":"en-US","@id":"https:\/\/francisbellerive.com\/en\/#\/schema\/logo\/image\/","url":"https:\/\/francisbellerive.com\/dist\/uploads\/2024\/01\/fb-favicon.svg","contentUrl":"https:\/\/francisbellerive.com\/dist\/uploads\/2024\/01\/fb-favicon.svg","width":"1024","height":"1024","caption":"Francis Bellerive Investissement"},"image":{"@id":"https:\/\/francisbellerive.com\/en\/#\/schema\/logo\/image\/"}}]}},"_links":{"self":[{"href":"https:\/\/francisbellerive.com\/en\/wp-json\/wp\/v2\/pages\/274","targetHints":{"allow":["GET"]}}],"collection":[{"href":"https:\/\/francisbellerive.com\/en\/wp-json\/wp\/v2\/pages"}],"about":[{"href":"https:\/\/francisbellerive.com\/en\/wp-json\/wp\/v2\/types\/page"}],"author":[{"embeddable":true,"href":"https:\/\/francisbellerive.com\/en\/wp-json\/wp\/v2\/users\/1"}],"replies":[{"embeddable":true,"href":"https:\/\/francisbellerive.com\/en\/wp-json\/wp\/v2\/comments?post=274"}],"version-history":[{"count":3,"href":"https:\/\/francisbellerive.com\/en\/wp-json\/wp\/v2\/pages\/274\/revisions"}],"predecessor-version":[{"id":767,"href":"https:\/\/francisbellerive.com\/en\/wp-json\/wp\/v2\/pages\/274\/revisions\/767"}],"wp:attachment":[{"href":"https:\/\/francisbellerive.com\/en\/wp-json\/wp\/v2\/media?parent=274"}],"curies":[{"name":"wp","href":"https:\/\/api.w.org\/{rel}","templated":true}]}}