{"id":276,"date":"2024-01-29T16:08:46","date_gmt":"2024-01-29T21:08:46","guid":{"rendered":"https:\/\/francisbellerive.com\/nous-joindre\/"},"modified":"2025-01-15T11:09:46","modified_gmt":"2025-01-15T16:09:46","slug":"contact","status":"publish","type":"page","link":"https:\/\/francisbellerive.com\/en\/contact\/","title":{"rendered":"Contact"},"content":{"rendered":"<section class=\"l-section wpb_row height_auto color_alternate with_img\"><div class=\"l-section-img\" role=\"img\" aria-label=\"Francis Bellerive Construction hero section placeholder image\" data-img-width=\"1920\" data-img-height=\"657\" style=\"background-image: url(https:\/\/francisbellerive.com\/dist\/uploads\/2024\/01\/fb-construction-img.jpg);background-repeat: no-repeat;\"><\/div><div class=\"l-section-overlay\" style=\"background:var(--color-content-overlay)\"><\/div><div class=\"l-section-h i-cf\"><div class=\"g-cols vc_row via_grid cols_1 laptops-cols_inherit tablets-cols_inherit mobiles-cols_1 valign_middle type_default stacking_default\"><div class=\"wpb_column vc_column_container\"><div class=\"vc_column-inner\"><div class=\"w-separator size_large\"><\/div><div class=\"wpb_text_column us_custom_60e9caca us_animate_this\"><div class=\"wpb_wrapper\"><h1 style=\"text-align: center;\">Contact<\/h1>\n<\/div><\/div><div class=\"w-separator size_large\"><\/div><\/div><\/div><\/div><\/div><\/section><section class=\"l-section wpb_row height_auto\"><div class=\"l-section-h i-cf\"><div class=\"g-cols vc_row via_grid cols_2 laptops-cols_inherit tablets-cols_inherit mobiles-cols_1 valign_top type_default stacking_default\"><div class=\"wpb_column vc_column_container\"><div class=\"vc_column-inner\"><div class=\"wpb_text_column us_custom_dccdc381 style-h3\"><div class=\"wpb_wrapper\"><p>Are you interested in a location or do you need more information? Contact us!<\/p>\n<\/div><\/div><div class=\"w-separator size_large\"><\/div><div class=\"wpb_text_column\"><div class=\"wpb_wrapper\"><p>150, rue de la Foug\u00e8re, Trois-Rivi\u00e8res<br \/>\n(Qu\u00e9bec) G9B 7G1<\/p>\n<p>Cell. : <a href=\"tel:8196094692\">819 609-4692<\/a><br \/>\n<a class=\"c-link c-link--underline\" href=\"mailto:francis@francisbellerive.com\" target=\"_blank\" rel=\"noopener noreferrer\" data-stringify-link=\"mailto:francis@francisbellerive.com\" data-sk=\"tooltip_parent\" aria-haspopup=\"menu\">francis@francisbellerive.com<\/a><\/p>\n<\/div><\/div><\/div><\/div><div class=\"wpb_column vc_column_container\"><div class=\"vc_column-inner\"><div class=\"w-html us_custom_f70d789f us_animate_this\"><iframe src=\"https:\/\/www.google.com\/maps\/embed?pb=!1m18!1m12!1m3!1d2756.4318580023064!2d-72.65431822311814!3d46.30126017109986!2m3!1f0!2f0!3f0!3m2!1i1024!2i768!4f13.1!3m3!1m2!1s0x4cc7ce43ebb68fbd%3A0x81764ef9c80c60d4!2s150%20Rue%20De%20La%20Foug%C3%A8re%2C%20Trois-Rivi%C3%A8res%2C%20QC%20G9B%207G1!5e0!3m2!1sen!2sca!4v1706647752878!5m2!1sen!2sca\" width=\"600\" height=\"450\" style=\"border:0;\" allowfullscreen=\"\" loading=\"lazy\" referrerpolicy=\"no-referrer-when-downgrade\"><\/iframe><\/div><\/div><\/div><\/div><\/div><\/section>\n","protected":false},"excerpt":{"rendered":"Contact Are you interested in a location or do you need more information? Contact us! 150, rue de la Foug\u00e8re, Trois-Rivi\u00e8res (Qu\u00e9bec) G9B 7G1 Cell. : 819 609-4692 francis@francisbellerive.com","protected":false},"author":1,"featured_media":0,"parent":0,"menu_order":0,"comment_status":"closed","ping_status":"closed","template":"","meta":{"_acf_changed":false,"footnotes":""},"class_list":["post-276","page","type-page","status-publish","hentry"],"acf":[],"yoast_head":"<!-- This site is optimized with the Yoast SEO plugin v27.5 - https:\/\/yoast.com\/product\/yoast-seo-wordpress\/ -->\n<title>Contact | Francis Bellerive Investissement<\/title>\n<meta name=\"description\" content=\"Are you interested in a specific location or need more information about our services? Contact us for assistance!\" \/>\n<meta name=\"robots\" content=\"index, follow, max-snippet:-1, max-image-preview:large, max-video-preview:-1\" \/>\n<link rel=\"canonical\" href=\"https:\/\/francisbellerive.com\/en\/contact\/\" \/>\n<meta property=\"og:locale\" content=\"en_US\" \/>\n<meta property=\"og:type\" content=\"article\" \/>\n<meta property=\"og:title\" content=\"Contact | Francis Bellerive Investissement\" \/>\n<meta property=\"og:description\" content=\"Are you interested in a specific location or need more information about our services? Contact us for assistance!\" \/>\n<meta property=\"og:url\" content=\"https:\/\/francisbellerive.com\/en\/contact\/\" \/>\n<meta property=\"og:site_name\" content=\"Francis Bellerive Investissement\" \/>\n<meta property=\"article:modified_time\" content=\"2025-01-15T16:09:46+00:00\" \/>\n<meta name=\"twitter:card\" content=\"summary_large_image\" \/>\n<meta name=\"twitter:label1\" content=\"Est. reading time\" \/>\n\t<meta name=\"twitter:data1\" content=\"1 minute\" \/>\n<script type=\"application\/ld+json\" class=\"yoast-schema-graph\">{\"@context\":\"https:\\\/\\\/schema.org\",\"@graph\":[{\"@type\":\"WebPage\",\"@id\":\"https:\\\/\\\/francisbellerive.com\\\/en\\\/contact\\\/\",\"url\":\"https:\\\/\\\/francisbellerive.com\\\/en\\\/contact\\\/\",\"name\":\"Contact | Francis Bellerive Investissement\",\"isPartOf\":{\"@id\":\"https:\\\/\\\/francisbellerive.com\\\/en\\\/#website\"},\"datePublished\":\"2024-01-29T21:08:46+00:00\",\"dateModified\":\"2025-01-15T16:09:46+00:00\",\"description\":\"Are you interested in a specific location or need more information about our services? Contact us for assistance!\",\"breadcrumb\":{\"@id\":\"https:\\\/\\\/francisbellerive.com\\\/en\\\/contact\\\/#breadcrumb\"},\"inLanguage\":\"en-US\",\"potentialAction\":[{\"@type\":\"ReadAction\",\"target\":[\"https:\\\/\\\/francisbellerive.com\\\/en\\\/contact\\\/\"]}]},{\"@type\":\"BreadcrumbList\",\"@id\":\"https:\\\/\\\/francisbellerive.com\\\/en\\\/contact\\\/#breadcrumb\",\"itemListElement\":[{\"@type\":\"ListItem\",\"position\":1,\"name\":\"Accueil\",\"item\":\"https:\\\/\\\/francisbellerive.com\\\/en\\\/\"},{\"@type\":\"ListItem\",\"position\":2,\"name\":\"Contact\"}]},{\"@type\":\"WebSite\",\"@id\":\"https:\\\/\\\/francisbellerive.com\\\/en\\\/#website\",\"url\":\"https:\\\/\\\/francisbellerive.com\\\/en\\\/\",\"name\":\"Francis Bellerive Investissement\",\"description\":\"Cr\u00e9ateur de valeur immobili\u00e8re strat\u00e9gique\",\"publisher\":{\"@id\":\"https:\\\/\\\/francisbellerive.com\\\/en\\\/#organization\"},\"potentialAction\":[{\"@type\":\"SearchAction\",\"target\":{\"@type\":\"EntryPoint\",\"urlTemplate\":\"https:\\\/\\\/francisbellerive.com\\\/en\\\/?s={search_term_string}\"},\"query-input\":{\"@type\":\"PropertyValueSpecification\",\"valueRequired\":true,\"valueName\":\"search_term_string\"}}],\"inLanguage\":\"en-US\"},{\"@type\":\"Organization\",\"@id\":\"https:\\\/\\\/francisbellerive.com\\\/en\\\/#organization\",\"name\":\"Francis Bellerive Investissement\",\"url\":\"https:\\\/\\\/francisbellerive.com\\\/en\\\/\",\"logo\":{\"@type\":\"ImageObject\",\"inLanguage\":\"en-US\",\"@id\":\"https:\\\/\\\/francisbellerive.com\\\/en\\\/#\\\/schema\\\/logo\\\/image\\\/\",\"url\":\"https:\\\/\\\/francisbellerive.com\\\/wp-content\\\/uploads\\\/2024\\\/01\\\/fb-favicon.svg\",\"contentUrl\":\"https:\\\/\\\/francisbellerive.com\\\/wp-content\\\/uploads\\\/2024\\\/01\\\/fb-favicon.svg\",\"width\":\"1024\",\"height\":\"1024\",\"caption\":\"Francis Bellerive Investissement\"},\"image\":{\"@id\":\"https:\\\/\\\/francisbellerive.com\\\/en\\\/#\\\/schema\\\/logo\\\/image\\\/\"}}]}<\/script>\n<!-- \/ Yoast SEO plugin. -->","yoast_head_json":{"title":"Contact | Francis Bellerive Investissement","description":"Are you interested in a specific location or need more information about our services? Contact us for assistance!","robots":{"index":"index","follow":"follow","max-snippet":"max-snippet:-1","max-image-preview":"max-image-preview:large","max-video-preview":"max-video-preview:-1"},"canonical":"https:\/\/francisbellerive.com\/en\/contact\/","og_locale":"en_US","og_type":"article","og_title":"Contact | Francis Bellerive Investissement","og_description":"Are you interested in a specific location or need more information about our services? Contact us for assistance!","og_url":"https:\/\/francisbellerive.com\/en\/contact\/","og_site_name":"Francis Bellerive Investissement","article_modified_time":"2025-01-15T16:09:46+00:00","twitter_card":"summary_large_image","twitter_misc":{"Est. reading time":"1 minute"},"schema":{"@context":"https:\/\/schema.org","@graph":[{"@type":"WebPage","@id":"https:\/\/francisbellerive.com\/en\/contact\/","url":"https:\/\/francisbellerive.com\/en\/contact\/","name":"Contact | Francis Bellerive Investissement","isPartOf":{"@id":"https:\/\/francisbellerive.com\/en\/#website"},"datePublished":"2024-01-29T21:08:46+00:00","dateModified":"2025-01-15T16:09:46+00:00","description":"Are you interested in a specific location or need more information about our services? Contact us for assistance!","breadcrumb":{"@id":"https:\/\/francisbellerive.com\/en\/contact\/#breadcrumb"},"inLanguage":"en-US","potentialAction":[{"@type":"ReadAction","target":["https:\/\/francisbellerive.com\/en\/contact\/"]}]},{"@type":"BreadcrumbList","@id":"https:\/\/francisbellerive.com\/en\/contact\/#breadcrumb","itemListElement":[{"@type":"ListItem","position":1,"name":"Accueil","item":"https:\/\/francisbellerive.com\/en\/"},{"@type":"ListItem","position":2,"name":"Contact"}]},{"@type":"WebSite","@id":"https:\/\/francisbellerive.com\/en\/#website","url":"https:\/\/francisbellerive.com\/en\/","name":"Francis Bellerive Investissement","description":"Cr\u00e9ateur de valeur immobili\u00e8re strat\u00e9gique","publisher":{"@id":"https:\/\/francisbellerive.com\/en\/#organization"},"potentialAction":[{"@type":"SearchAction","target":{"@type":"EntryPoint","urlTemplate":"https:\/\/francisbellerive.com\/en\/?s={search_term_string}"},"query-input":{"@type":"PropertyValueSpecification","valueRequired":true,"valueName":"search_term_string"}}],"inLanguage":"en-US"},{"@type":"Organization","@id":"https:\/\/francisbellerive.com\/en\/#organization","name":"Francis Bellerive Investissement","url":"https:\/\/francisbellerive.com\/en\/","logo":{"@type":"ImageObject","inLanguage":"en-US","@id":"https:\/\/francisbellerive.com\/en\/#\/schema\/logo\/image\/","url":"https:\/\/francisbellerive.com\/dist\/uploads\/2024\/01\/fb-favicon.svg","contentUrl":"https:\/\/francisbellerive.com\/dist\/uploads\/2024\/01\/fb-favicon.svg","width":"1024","height":"1024","caption":"Francis Bellerive Investissement"},"image":{"@id":"https:\/\/francisbellerive.com\/en\/#\/schema\/logo\/image\/"}}]}},"_links":{"self":[{"href":"https:\/\/francisbellerive.com\/en\/wp-json\/wp\/v2\/pages\/276","targetHints":{"allow":["GET"]}}],"collection":[{"href":"https:\/\/francisbellerive.com\/en\/wp-json\/wp\/v2\/pages"}],"about":[{"href":"https:\/\/francisbellerive.com\/en\/wp-json\/wp\/v2\/types\/page"}],"author":[{"embeddable":true,"href":"https:\/\/francisbellerive.com\/en\/wp-json\/wp\/v2\/users\/1"}],"replies":[{"embeddable":true,"href":"https:\/\/francisbellerive.com\/en\/wp-json\/wp\/v2\/comments?post=276"}],"version-history":[{"count":0,"href":"https:\/\/francisbellerive.com\/en\/wp-json\/wp\/v2\/pages\/276\/revisions"}],"wp:attachment":[{"href":"https:\/\/francisbellerive.com\/en\/wp-json\/wp\/v2\/media?parent=276"}],"curies":[{"name":"wp","href":"https:\/\/api.w.org\/{rel}","templated":true}]}}