{"id":732,"date":"2026-03-25T20:54:35","date_gmt":"2026-03-26T00:54:35","guid":{"rendered":"https:\/\/francisbellerive.com\/services\/fbmg-locations\/"},"modified":"2026-04-10T15:05:08","modified_gmt":"2026-04-10T19:05:08","slug":"fbmg-rentals","status":"publish","type":"page","link":"https:\/\/francisbellerive.com\/en\/services\/fbmg-rentals\/","title":{"rendered":"FBMG Rentals"},"content":{"rendered":"<section class=\"l-section wpb_row height_auto color_alternate with_img\"><div class=\"l-section-img\" role=\"img\" aria-label=\"FBMG Locations\" data-img-width=\"1920\" data-img-height=\"1280\" style=\"background-image: url(https:\/\/francisbellerive.com\/dist\/uploads\/2026\/03\/FBMG-Locations.jpeg);background-repeat: no-repeat;\"><\/div><div class=\"l-section-overlay\" style=\"background:var(--color-content-overlay)\"><\/div><div class=\"l-section-h i-cf\"><div class=\"g-cols vc_row via_grid cols_1 laptops-cols_inherit tablets-cols_inherit mobiles-cols_1 valign_middle type_default stacking_default\"><div class=\"wpb_column vc_column_container\"><div class=\"vc_column-inner\"><div class=\"w-separator size_large\"><\/div><div class=\"wpb_text_column us_custom_60e9caca us_animate_this\"><div class=\"wpb_wrapper\"><h1 style=\"text-align: center;\">FBMG Rentals<\/h1>\n<\/div><\/div><div class=\"w-separator size_large\"><\/div><\/div><\/div><\/div><\/div><\/section><section class=\"l-section wpb_row height_auto\"><div class=\"l-section-h i-cf\"><div class=\"g-cols vc_row via_grid cols_1 laptops-cols_inherit tablets-cols_inherit mobiles-cols_1 valign_top type_default stacking_default\"><div class=\"wpb_column vc_column_container\"><div class=\"vc_column-inner\"><div class=\"wpb_text_column intro-texte-service\"><div class=\"wpb_wrapper\"><p class=\"p1\" style=\"text-align: center;\">Our company specializes in the acquisition and rental of condos across Quebec, offering well-located units designed to meet tenants\u2019 needs and support a practical, comfortable, and urban-connected lifestyle.<\/p>\n<\/div><\/div><div class=\"w-separator size_medium\"><\/div><div class=\"w-btn-wrapper align_center\"><a class=\"w-btn us-btn-style_6\" href=\"#unites\"><span class=\"w-btn-label\">View our units<\/span><\/a><\/div><\/div><\/div><\/div><\/div><\/section><section class=\"l-section wpb_row us_custom_c70c97eb height_auto\" id=\"a-propos-row\"><div class=\"l-section-h i-cf\"><div class=\"g-cols vc_row via_grid cols_2 laptops-cols_inherit tablets-cols_inherit mobiles-cols_1 valign_top type_default stacking_default\"><div class=\"wpb_column vc_column_container a-propos-inner-row\"><div class=\"vc_column-inner\"><div class=\"w-image us_custom_dcb09da6 a-propos-img us_animate_this align_none\"><div class=\"w-image-h\"><img decoding=\"async\" width=\"827\" height=\"1024\" src=\"https:\/\/francisbellerive.com\/dist\/uploads\/2026\/03\/FBMG-827x1024.jpg\" class=\"attachment-large size-large\" alt=\"\" loading=\"lazy\" srcset=\"https:\/\/francisbellerive.com\/dist\/uploads\/2026\/03\/FBMG-827x1024.jpg 827w, https:\/\/francisbellerive.com\/dist\/uploads\/2026\/03\/FBMG-242x300.jpg 242w, https:\/\/francisbellerive.com\/dist\/uploads\/2026\/03\/FBMG.jpg 1550w\" sizes=\"auto, (max-width: 827px) 100vw, 827px\" \/><\/div><\/div><\/div><\/div><div class=\"wpb_column vc_column_container\"><div class=\"vc_column-inner\"><div class=\"wpb_text_column a-propos-title\"><div class=\"wpb_wrapper\"><h2>About<br \/>\nFBMG rentals<\/h2>\n<\/div><\/div><div class=\"w-separator size_medium\"><\/div><div class=\"wpb_text_column a-propos-text\"><div class=\"wpb_wrapper\"><p>Francis and Marie-Lise bring strong experience in the acquisition, management, and optimization of rental condos across Quebec. Together, they\u2019ve built a structured, people-first approach focused on unit quality and the overall tenant experience.<\/p>\n<p>Their strength lies in their complementary expertise. Francis has hands-on experience in real estate acquisition and management, while Marie-Lise, a notary with over 15 years of experience, brings deep legal and contractual knowledge. Having personally managed rental properties and experienced frequent travel-based rentals, she has a sharp understanding of both tenant and owner expectations.<\/p>\n<p>This dual perspective ensures efficient, compliant, and balanced management, where every detail\u2014operational and legal\u2014is designed to support clear, sustainable, and mutually beneficial agreements.<\/p>\n<p>They also stand out for their ability to select unique locations, often in inspiring environments, and maximize each property\u2019s potential to create welcoming, functional, and long-lasting spaces.<\/p>\n<p>Driven by a genuine passion for rental real estate, Francis and Marie-Lise aim to offer more than just a place to stay\u2014they deliver a thoughtful, high-quality experience built on trust, attention to detail, and long-term value.<\/p>\n<\/div><\/div><\/div><\/div><\/div><\/div><\/section><section class=\"l-section wpb_row us_custom_c70c97eb height_auto\"><div class=\"l-section-h i-cf\"><div class=\"g-cols vc_row via_grid cols_3 laptops-cols_inherit tablets-cols_inherit mobiles-cols_1 valign_top type_default stacking_default\"><div class=\"wpb_column vc_column_container us_custom_60e9caca us_animate_this\"><div class=\"vc_column-inner\"><div class=\"w-image has_ratio align_none\"><div class=\"w-image-h\"><div style=\"padding-bottom:133.3333%\"><\/div><img decoding=\"async\" width=\"827\" height=\"1024\" src=\"https:\/\/francisbellerive.com\/dist\/uploads\/2024\/06\/7615-Francis-Bellerive-827x1024.jpg\" class=\"attachment-large size-large\" alt=\"Francis Bellerive\" loading=\"lazy\" \/><\/div><\/div><div class=\"w-separator size_large\"><\/div><div class=\"wpb_text_column\"><div class=\"wpb_wrapper\"><h3>Francis Bellerive<\/h3>\n<\/div><\/div><div class=\"w-separator size_medium\"><\/div><div class=\"wpb_text_column\"><div class=\"wpb_wrapper\"><p><span>Francis Bellerive is a real estate investor with the wind in his sails. In 2014, after spending a significant part of his life in commercial real estate, particularly within the family business, he decided to do things his way, thus attracting the trust of major brands. With nearly twenty years of experience in real estate, he excels in strategic management and acquisition, supported by a vast network that facilitates the realization of various projects. As a site supervisor, his meticulous attention to detail ensures client satisfaction and operational success.<\/span><\/p>\n<\/div><\/div><\/div><\/div><div class=\"wpb_column vc_column_container us_custom_f70d789f us_animate_this\"><div class=\"vc_column-inner\"><div class=\"w-image has_ratio align_none\"><div class=\"w-image-h\"><div style=\"padding-bottom:133.3333%\"><\/div><img decoding=\"async\" width=\"827\" height=\"1024\" src=\"https:\/\/francisbellerive.com\/dist\/uploads\/2026\/04\/Marie-Lise-Gaudet.jpg\" class=\"attachment-large size-large\" alt=\"\" loading=\"lazy\" \/><\/div><\/div><div class=\"w-separator size_large\"><\/div><div class=\"wpb_text_column\"><div class=\"wpb_wrapper\"><h3>Marie-Lise Gaudet<\/h3>\n<\/div><\/div><div class=\"w-separator size_medium\"><\/div><div class=\"wpb_text_column\"><div class=\"wpb_wrapper\"><p class=\"p1\">Marie-Lise Gaudet has been a notary for over 15 years. She has developed strong expertise in law, particularly in contract management and public procurement, working with organizations such as Hydro-Qu\u00e9bec, the Soci\u00e9t\u00e9 qu\u00e9b\u00e9coise des infrastructures, and the Trois-Rivi\u00e8res Port Authority. Known for her rigor and versatility, she structures clear, efficient, and secure agreements. She also has hands-on experience in managing rental properties, giving her a practical understanding of real-world challenges. Active and well-balanced, she enjoys yoga, running, cross-country skiing, and mountain biking.<\/p>\n<\/div><\/div><\/div><\/div><div class=\"wpb_column vc_column_container us_custom_1fb8b2dc us_animate_this\"><div class=\"vc_column-inner\"><\/div><\/div><\/div><\/div><\/section><section class=\"l-section wpb_row height_auto\" id=\"unites\"><div class=\"l-section-h i-cf\"><div class=\"g-cols vc_row via_grid cols_1 laptops-cols_inherit tablets-cols_inherit mobiles-cols_1 valign_top type_default stacking_default\"><div class=\"wpb_column vc_column_container\"><div class=\"vc_column-inner\"><div class=\"w-grid us_grid type_grid layout_715 cols_2 preload_style_spinner with_css_animation\" id=\"us_grid_1\" style=\"--columns:2;--gap:1.5rem;\" data-filterable=\"true\"><style>@media (max-width:769px){#us_grid_1{--columns:1!important}}.layout_715 .w-grid-item-h{}.layout_715 .usg_vwrapper_1{height:100%!important;border-radius:20px!important;background:var(--color-content-bg-alt)!important;box-shadow:0 0 20px 0 rgba(0,0,0,0.20)!important}.layout_715 .usg_vwrapper_2{padding:var(--space-s-m)!important}.layout_715 .usg_image_slider_1{border-radius:20px 20px 0 0!important}<\/style><div class=\"w-grid-list\">\t<article class=\"w-grid-item us_animate_afb size_1x1 post-691 projets type-projets status-publish has-post-thumbnail hentry categorie_projet-location\" data-id=\"691\" style=\"animation-delay:0s\">\r\n\t\t<div class=\"w-grid-item-h\">\r\n\t\t\t\t\t\t<div class=\"w-vwrapper usg_vwrapper_1 align_none valign_top\" style=\"--vwrapper-gap:0rem\"><div class=\"w-slider usg_image_slider_1 style_none fit_cover nav_none has_border_radius has_ratio count_11\" style=\"--aspect-ratio: 16\/9;\"><div class=\"w-slider-h\" aria-hidden=\"true\"><div class=\"royalSlider\"><div class=\"rsContent\"><a class=\"rsImg\" data-rsw=\"1024\" data-rsh=\"683\" href=\"https:\/\/francisbellerive.com\/dist\/uploads\/2026\/03\/Condo-Tremblant-1024x683.jpeg\"><span data-alt=\"Condo locatif Mont Tremblant\"><\/span><\/a><\/div><div class=\"rsContent\"><a class=\"rsImg\" data-rsw=\"1024\" data-rsh=\"683\" href=\"https:\/\/francisbellerive.com\/dist\/uploads\/2026\/03\/Condo-Tremblant-8-1024x683.jpeg\"><span data-alt=\"\"><\/span><\/a><\/div><div class=\"rsContent\"><a class=\"rsImg\" data-rsw=\"1024\" data-rsh=\"683\" href=\"https:\/\/francisbellerive.com\/dist\/uploads\/2026\/03\/Condo-Tremblant-1-1024x683.jpeg\"><span data-alt=\"\"><\/span><\/a><\/div><div class=\"rsContent\"><a class=\"rsImg\" data-rsw=\"1024\" data-rsh=\"683\" href=\"https:\/\/francisbellerive.com\/dist\/uploads\/2026\/03\/Condo-Tremblant-3-1024x683.jpeg\"><span data-alt=\"\"><\/span><\/a><\/div><div class=\"rsContent\"><a class=\"rsImg\" data-rsw=\"1024\" data-rsh=\"683\" href=\"https:\/\/francisbellerive.com\/dist\/uploads\/2026\/03\/Condo-Tremblant-6-1024x683.jpeg\"><span data-alt=\"\"><\/span><\/a><\/div><div class=\"rsContent\"><a class=\"rsImg\" data-rsw=\"1024\" data-rsh=\"683\" href=\"https:\/\/francisbellerive.com\/dist\/uploads\/2026\/03\/Condo-Tremblant-4-1024x683.jpeg\"><span data-alt=\"\"><\/span><\/a><\/div><div class=\"rsContent\"><a class=\"rsImg\" data-rsw=\"1024\" data-rsh=\"683\" href=\"https:\/\/francisbellerive.com\/dist\/uploads\/2026\/03\/Condo-Tremblant-9-1024x683.jpeg\"><span data-alt=\"\"><\/span><\/a><\/div><div class=\"rsContent\"><a class=\"rsImg\" data-rsw=\"1024\" data-rsh=\"683\" href=\"https:\/\/francisbellerive.com\/dist\/uploads\/2026\/03\/Condo-Tremblant-10-1024x683.jpeg\"><span data-alt=\"\"><\/span><\/a><\/div><div class=\"rsContent\"><a class=\"rsImg\" data-rsw=\"1024\" data-rsh=\"683\" href=\"https:\/\/francisbellerive.com\/dist\/uploads\/2026\/03\/Condo-Tremblant-5-1024x683.jpeg\"><span data-alt=\"\"><\/span><\/a><\/div><div class=\"rsContent\"><a class=\"rsImg\" data-rsw=\"1024\" data-rsh=\"683\" href=\"https:\/\/francisbellerive.com\/dist\/uploads\/2026\/03\/Condo-Tremblant-7-1024x683.jpeg\"><span data-alt=\"\"><\/span><\/a><\/div><div class=\"rsContent\"><a class=\"rsImg\" data-rsw=\"1024\" data-rsh=\"683\" href=\"https:\/\/francisbellerive.com\/dist\/uploads\/2026\/03\/Condo-Tremblant-2-1024x683.jpeg\"><span data-alt=\"\"><\/span><\/a><\/div><\/div><img decoding=\"async\" src=\"https:\/\/francisbellerive.com\/dist\/uploads\/2026\/03\/Condo-Tremblant-1024x683.jpeg\" width=\"1024\" height=\"683\" alt=\"Condo locatif Mont Tremblant\" loading=\"lazy\"><\/div><div class=\"w-slider-json\" onclick='return {&quot;autoScaleSlider&quot;:false,&quot;addActiveClass&quot;:true,&quot;loop&quot;:true,&quot;fadeInLoadedSlide&quot;:false,&quot;slidesSpacing&quot;:0,&quot;imageScalePadding&quot;:0,&quot;numImagesToPreload&quot;:2,&quot;arrowsNav&quot;:true,&quot;arrowsNavAutoHide&quot;:false,&quot;transitionType&quot;:&quot;fade&quot;,&quot;transitionSpeed&quot;:250,&quot;block&quot;:{&quot;moveEffect&quot;:&quot;none&quot;,&quot;speed&quot;:300},&quot;thumbs&quot;:{&quot;fitInViewport&quot;:false,&quot;firstMargin&quot;:false,&quot;spacing&quot;:4},&quot;controlNavigation&quot;:&quot;none&quot;}'><\/div><\/div><div class=\"w-vwrapper usg_vwrapper_2 align_none valign_top has-link\"><h2 class=\"w-post-elm post_title usg_post_title_1 style-h4 entry-title color_link_inherit\"><a target=\"_blank\" href=\"https:\/\/fr.airbnb.ca\/rooms\/1645055808661191277?unique_share_id=16a27ca2-42dc-4801-a3b7-4ddce32cd7f2&amp;viralityEntryPoint=1&amp;s=76&amp;source_impression_id=p3_1774484819_P3L4bSJH7EZ8PGjI\">Condo Mont-Tremblant<\/a><\/h2><p class=\"w-post-elm post_custom_field usg_post_custom_field_1 type_text description color_link_inherit\"><span class=\"w-post-elm-value\">Condo de luxe - Lac Tremblant (5 min des pistes de ski). Magnifique condo au bord du lac avec vue imprenable sur la montagne. Acc\u00e8s plage & lac, Piscine, gym, Terrasse, S\u00e9curit\u00e9 maximale\r\n<\/span><\/p><a target=\"_blank\" href=\"https:\/\/fr.airbnb.ca\/rooms\/1645055808661191277?unique_share_id=16a27ca2-42dc-4801-a3b7-4ddce32cd7f2&amp;viralityEntryPoint=1&amp;s=76&amp;source_impression_id=p3_1774484819_P3L4bSJH7EZ8PGjI\" class=\"w-vwrapper-link smooth-scroll\" aria-label=\"Link\"><\/a><\/div><\/div>\t\t<\/div>\r\n\t\t\t<\/article>\r\n<\/div>\t<div class=\"w-grid-preloader\">\r\n\t\t<div class=\"g-preloader type_1\">\r\n\t\t\t<div><\/div>\r\n\t\t<\/div>\r\n\t<\/div>\r\n\t\t<div class=\"w-grid-json hidden\" onclick='return {&quot;action&quot;:&quot;us_ajax_grid&quot;,&quot;infinite_scroll&quot;:0,&quot;max_num_pages&quot;:1,&quot;pagination&quot;:&quot;none&quot;,&quot;template_vars&quot;:{&quot;columns&quot;:&quot;2&quot;,&quot;exclude_items&quot;:&quot;none&quot;,&quot;img_size&quot;:&quot;default&quot;,&quot;ignore_items_size&quot;:0,&quot;items_layout&quot;:&quot;715&quot;,&quot;items_offset&quot;:&quot;1&quot;,&quot;load_animation&quot;:&quot;afb&quot;,&quot;overriding_link&quot;:&quot;%7B%22url%22%3A%22%22%7D&quot;,&quot;post_id&quot;:0,&quot;query_args&quot;:{&quot;post_type&quot;:[&quot;projets&quot;],&quot;tax_query&quot;:[{&quot;taxonomy&quot;:&quot;categorie_projet&quot;,&quot;field&quot;:&quot;slug&quot;,&quot;terms&quot;:[&quot;location&quot;]}],&quot;post_status&quot;:[&quot;publish&quot;,&quot;acf-disabled&quot;],&quot;posts_per_page&quot;:&quot;50&quot;},&quot;orderby_query_args&quot;:{&quot;orderby&quot;:{&quot;date&quot;:&quot;DESC&quot;}},&quot;type&quot;:&quot;grid&quot;,&quot;us_grid_post_type&quot;:&quot;projets&quot;,&quot;us_grid_ajax_index&quot;:1,&quot;us_grid_filter_query_string&quot;:null,&quot;us_grid_index&quot;:1,&quot;page_args&quot;:[],&quot;lang&quot;:&quot;en&quot;}}'><\/div>\r\n\t<\/div><\/div><\/div><\/div><\/div><\/section>\n","protected":false},"excerpt":{"rendered":"","protected":false},"author":1,"featured_media":0,"parent":280,"menu_order":0,"comment_status":"closed","ping_status":"closed","template":"","meta":{"_acf_changed":false,"footnotes":""},"class_list":["post-732","page","type-page","status-publish","hentry"],"acf":[],"yoast_head":"<!-- This site is optimized with the Yoast SEO plugin v27.3 - https:\/\/yoast.com\/product\/yoast-seo-wordpress\/ -->\n<title>FBMG Rentals | Francis Bellerive Investissement<\/title>\n<meta name=\"description\" content=\"FBMG Locations se sp\u00e9cialise dans l\u2019acquisition et la location de condos au Qu\u00e9bec, offrant des unit\u00e9s dans des environnement enchanteurs.\" \/>\n<meta name=\"robots\" content=\"index, follow, max-snippet:-1, max-image-preview:large, max-video-preview:-1\" \/>\n<link rel=\"canonical\" href=\"https:\/\/francisbellerive.com\/en\/services\/fbmg-rentals\/\" \/>\n<meta property=\"og:locale\" content=\"en_US\" \/>\n<meta property=\"og:type\" content=\"article\" \/>\n<meta property=\"og:title\" content=\"FBMG Rentals | Francis Bellerive Investissement\" \/>\n<meta property=\"og:description\" content=\"FBMG Locations se sp\u00e9cialise dans l\u2019acquisition et la location de condos au Qu\u00e9bec, offrant des unit\u00e9s dans des environnement enchanteurs.\" \/>\n<meta property=\"og:url\" content=\"https:\/\/francisbellerive.com\/en\/services\/fbmg-rentals\/\" \/>\n<meta property=\"og:site_name\" content=\"Francis Bellerive Investissement\" \/>\n<meta property=\"article:modified_time\" content=\"2026-04-10T19:05:08+00:00\" \/>\n<meta name=\"twitter:card\" content=\"summary_large_image\" \/>\n<meta name=\"twitter:label1\" content=\"Est. reading time\" \/>\n\t<meta name=\"twitter:data1\" content=\"3 minutes\" \/>\n<script type=\"application\/ld+json\" class=\"yoast-schema-graph\">{\"@context\":\"https:\\\/\\\/schema.org\",\"@graph\":[{\"@type\":\"WebPage\",\"@id\":\"https:\\\/\\\/francisbellerive.com\\\/en\\\/services\\\/fbmg-rentals\\\/\",\"url\":\"https:\\\/\\\/francisbellerive.com\\\/en\\\/services\\\/fbmg-rentals\\\/\",\"name\":\"FBMG Rentals | Francis Bellerive Investissement\",\"isPartOf\":{\"@id\":\"https:\\\/\\\/francisbellerive.com\\\/en\\\/#website\"},\"datePublished\":\"2026-03-26T00:54:35+00:00\",\"dateModified\":\"2026-04-10T19:05:08+00:00\",\"description\":\"FBMG Locations se sp\u00e9cialise dans l\u2019acquisition et la location de condos au Qu\u00e9bec, offrant des unit\u00e9s dans des environnement enchanteurs.\",\"breadcrumb\":{\"@id\":\"https:\\\/\\\/francisbellerive.com\\\/en\\\/services\\\/fbmg-rentals\\\/#breadcrumb\"},\"inLanguage\":\"en-US\",\"potentialAction\":[{\"@type\":\"ReadAction\",\"target\":[\"https:\\\/\\\/francisbellerive.com\\\/en\\\/services\\\/fbmg-rentals\\\/\"]}]},{\"@type\":\"BreadcrumbList\",\"@id\":\"https:\\\/\\\/francisbellerive.com\\\/en\\\/services\\\/fbmg-rentals\\\/#breadcrumb\",\"itemListElement\":[{\"@type\":\"ListItem\",\"position\":1,\"name\":\"Accueil\",\"item\":\"https:\\\/\\\/francisbellerive.com\\\/en\\\/\"},{\"@type\":\"ListItem\",\"position\":2,\"name\":\"Services\",\"item\":\"https:\\\/\\\/francisbellerive.com\\\/en\\\/services\\\/\"},{\"@type\":\"ListItem\",\"position\":3,\"name\":\"FBMG Rentals\"}]},{\"@type\":\"WebSite\",\"@id\":\"https:\\\/\\\/francisbellerive.com\\\/en\\\/#website\",\"url\":\"https:\\\/\\\/francisbellerive.com\\\/en\\\/\",\"name\":\"Francis Bellerive Investissement\",\"description\":\"Cr\u00e9ateur de valeur immobili\u00e8re strat\u00e9gique\",\"publisher\":{\"@id\":\"https:\\\/\\\/francisbellerive.com\\\/en\\\/#organization\"},\"potentialAction\":[{\"@type\":\"SearchAction\",\"target\":{\"@type\":\"EntryPoint\",\"urlTemplate\":\"https:\\\/\\\/francisbellerive.com\\\/en\\\/?s={search_term_string}\"},\"query-input\":{\"@type\":\"PropertyValueSpecification\",\"valueRequired\":true,\"valueName\":\"search_term_string\"}}],\"inLanguage\":\"en-US\"},{\"@type\":\"Organization\",\"@id\":\"https:\\\/\\\/francisbellerive.com\\\/en\\\/#organization\",\"name\":\"Francis Bellerive Investissement\",\"url\":\"https:\\\/\\\/francisbellerive.com\\\/en\\\/\",\"logo\":{\"@type\":\"ImageObject\",\"inLanguage\":\"en-US\",\"@id\":\"https:\\\/\\\/francisbellerive.com\\\/en\\\/#\\\/schema\\\/logo\\\/image\\\/\",\"url\":\"https:\\\/\\\/francisbellerive.com\\\/wp-content\\\/uploads\\\/2024\\\/01\\\/fb-favicon.svg\",\"contentUrl\":\"https:\\\/\\\/francisbellerive.com\\\/wp-content\\\/uploads\\\/2024\\\/01\\\/fb-favicon.svg\",\"width\":\"1024\",\"height\":\"1024\",\"caption\":\"Francis Bellerive Investissement\"},\"image\":{\"@id\":\"https:\\\/\\\/francisbellerive.com\\\/en\\\/#\\\/schema\\\/logo\\\/image\\\/\"}}]}<\/script>\n<!-- \/ Yoast SEO plugin. -->","yoast_head_json":{"title":"FBMG Rentals | Francis Bellerive Investissement","description":"FBMG Locations se sp\u00e9cialise dans l\u2019acquisition et la location de condos au Qu\u00e9bec, offrant des unit\u00e9s dans des environnement enchanteurs.","robots":{"index":"index","follow":"follow","max-snippet":"max-snippet:-1","max-image-preview":"max-image-preview:large","max-video-preview":"max-video-preview:-1"},"canonical":"https:\/\/francisbellerive.com\/en\/services\/fbmg-rentals\/","og_locale":"en_US","og_type":"article","og_title":"FBMG Rentals | Francis Bellerive Investissement","og_description":"FBMG Locations se sp\u00e9cialise dans l\u2019acquisition et la location de condos au Qu\u00e9bec, offrant des unit\u00e9s dans des environnement enchanteurs.","og_url":"https:\/\/francisbellerive.com\/en\/services\/fbmg-rentals\/","og_site_name":"Francis Bellerive Investissement","article_modified_time":"2026-04-10T19:05:08+00:00","twitter_card":"summary_large_image","twitter_misc":{"Est. reading time":"3 minutes"},"schema":{"@context":"https:\/\/schema.org","@graph":[{"@type":"WebPage","@id":"https:\/\/francisbellerive.com\/en\/services\/fbmg-rentals\/","url":"https:\/\/francisbellerive.com\/en\/services\/fbmg-rentals\/","name":"FBMG Rentals | Francis Bellerive Investissement","isPartOf":{"@id":"https:\/\/francisbellerive.com\/en\/#website"},"datePublished":"2026-03-26T00:54:35+00:00","dateModified":"2026-04-10T19:05:08+00:00","description":"FBMG Locations se sp\u00e9cialise dans l\u2019acquisition et la location de condos au Qu\u00e9bec, offrant des unit\u00e9s dans des environnement enchanteurs.","breadcrumb":{"@id":"https:\/\/francisbellerive.com\/en\/services\/fbmg-rentals\/#breadcrumb"},"inLanguage":"en-US","potentialAction":[{"@type":"ReadAction","target":["https:\/\/francisbellerive.com\/en\/services\/fbmg-rentals\/"]}]},{"@type":"BreadcrumbList","@id":"https:\/\/francisbellerive.com\/en\/services\/fbmg-rentals\/#breadcrumb","itemListElement":[{"@type":"ListItem","position":1,"name":"Accueil","item":"https:\/\/francisbellerive.com\/en\/"},{"@type":"ListItem","position":2,"name":"Services","item":"https:\/\/francisbellerive.com\/en\/services\/"},{"@type":"ListItem","position":3,"name":"FBMG Rentals"}]},{"@type":"WebSite","@id":"https:\/\/francisbellerive.com\/en\/#website","url":"https:\/\/francisbellerive.com\/en\/","name":"Francis Bellerive Investissement","description":"Cr\u00e9ateur de valeur immobili\u00e8re strat\u00e9gique","publisher":{"@id":"https:\/\/francisbellerive.com\/en\/#organization"},"potentialAction":[{"@type":"SearchAction","target":{"@type":"EntryPoint","urlTemplate":"https:\/\/francisbellerive.com\/en\/?s={search_term_string}"},"query-input":{"@type":"PropertyValueSpecification","valueRequired":true,"valueName":"search_term_string"}}],"inLanguage":"en-US"},{"@type":"Organization","@id":"https:\/\/francisbellerive.com\/en\/#organization","name":"Francis Bellerive Investissement","url":"https:\/\/francisbellerive.com\/en\/","logo":{"@type":"ImageObject","inLanguage":"en-US","@id":"https:\/\/francisbellerive.com\/en\/#\/schema\/logo\/image\/","url":"https:\/\/francisbellerive.com\/dist\/uploads\/2024\/01\/fb-favicon.svg","contentUrl":"https:\/\/francisbellerive.com\/dist\/uploads\/2024\/01\/fb-favicon.svg","width":"1024","height":"1024","caption":"Francis Bellerive Investissement"},"image":{"@id":"https:\/\/francisbellerive.com\/en\/#\/schema\/logo\/image\/"}}]}},"_links":{"self":[{"href":"https:\/\/francisbellerive.com\/en\/wp-json\/wp\/v2\/pages\/732","targetHints":{"allow":["GET"]}}],"collection":[{"href":"https:\/\/francisbellerive.com\/en\/wp-json\/wp\/v2\/pages"}],"about":[{"href":"https:\/\/francisbellerive.com\/en\/wp-json\/wp\/v2\/types\/page"}],"author":[{"embeddable":true,"href":"https:\/\/francisbellerive.com\/en\/wp-json\/wp\/v2\/users\/1"}],"replies":[{"embeddable":true,"href":"https:\/\/francisbellerive.com\/en\/wp-json\/wp\/v2\/comments?post=732"}],"version-history":[{"count":3,"href":"https:\/\/francisbellerive.com\/en\/wp-json\/wp\/v2\/pages\/732\/revisions"}],"predecessor-version":[{"id":735,"href":"https:\/\/francisbellerive.com\/en\/wp-json\/wp\/v2\/pages\/732\/revisions\/735"}],"up":[{"embeddable":true,"href":"https:\/\/francisbellerive.com\/en\/wp-json\/wp\/v2\/pages\/280"}],"wp:attachment":[{"href":"https:\/\/francisbellerive.com\/en\/wp-json\/wp\/v2\/media?parent=732"}],"curies":[{"name":"wp","href":"https:\/\/api.w.org\/{rel}","templated":true}]}}